{"id":1759,"date":"2022-01-31T14:51:10","date_gmt":"2022-01-31T14:51:10","guid":{"rendered":"https:\/\/casadassombrinhas.com\/?post_type=product&#038;p=1759"},"modified":"2025-06-03T11:27:19","modified_gmt":"2025-06-03T11:27:19","slug":"sombrinha-automatica-abre-e-fecha-estampadas","status":"publish","type":"product","link":"https:\/\/casadassombrinhas.com\/?product=sombrinha-automatica-abre-e-fecha-estampadas","title":{"rendered":"Sombrinha autom\u00e1tica abre e fecha (estampadas)"},"content":{"rendered":"<p><strong>\u2022 Pol\u00edtica de Entrega<\/strong><br \/>\nEstamos realizando entrega somente para a regi\u00e3o de Curitiba. Caso voc\u00ea tenha interesse que o produto seja entregue em outra regi\u00e3o, favor entrar em contato no 41-3079-5162, WhatsApp: 41 99162-1488 ou casadassombrinhas1950@gmail.com<\/p>\n<p><strong>\u2022 Cuidados para durabilidade do produto<\/strong><br \/>\nN\u00e3o guarde-o molhado.<br \/>\nDeixe-o aberto para secar.<br \/>\nCasa das Sombrinhas h\u00e1 70 anos satisfazendo seus clientes.<\/p>\n","protected":false},"excerpt":{"rendered":"<p>A Sombrinha que traz toda a\u00a0<strong>qualidade<\/strong>\u00a0que voc\u00ea busca nos dias de chuva.\u00a0Excelente para uso di\u00e1rio. Al\u00e9m disso, o\u00a0tecido \u00e9 pongee e a arma\u00e7\u00e3o \u00e9 de ferro galvanizada.<\/p>\n<p>Tamanho: 30cm<br \/>\nArma\u00e7\u00e3o: 8 Varetas<\/p>\n","protected":false},"featured_media":1762,"comment_status":"open","ping_status":"closed","template":"","meta":{"_kadence_starter_templates_imported_post":false,"_kad_post_transparent":"default","_kad_post_title":"","_kad_post_layout":"default","_kad_post_sidebar_id":"","_kad_post_content_style":"default","_kad_post_vertical_padding":"default","_kad_post_feature":"","_kad_post_feature_position":"","_kad_post_header":false,"_kad_post_footer":false,"_kad_post_classname":""},"product_brand":[],"product_cat":[18],"product_tag":[30],"class_list":{"0":"post-1759","1":"product","2":"type-product","3":"status-publish","4":"has-post-thumbnail","6":"product_cat-sombrinhas","7":"product_tag-sombrinhas","9":"first","10":"instock","11":"shipping-taxable","12":"purchasable","13":"product-type-simple","14":"entry","15":"content-bg","16":"loop-entry"},"aioseo_notices":[],"jetpack_sharing_enabled":true,"_links":{"self":[{"href":"https:\/\/casadassombrinhas.com\/index.php?rest_route=\/wp\/v2\/product\/1759","targetHints":{"allow":["GET"]}}],"collection":[{"href":"https:\/\/casadassombrinhas.com\/index.php?rest_route=\/wp\/v2\/product"}],"about":[{"href":"https:\/\/casadassombrinhas.com\/index.php?rest_route=\/wp\/v2\/types\/product"}],"replies":[{"embeddable":true,"href":"https:\/\/casadassombrinhas.com\/index.php?rest_route=%2Fwp%2Fv2%2Fcomments&post=1759"}],"wp:featuredmedia":[{"embeddable":true,"href":"https:\/\/casadassombrinhas.com\/index.php?rest_route=\/wp\/v2\/media\/1762"}],"wp:attachment":[{"href":"https:\/\/casadassombrinhas.com\/index.php?rest_route=%2Fwp%2Fv2%2Fmedia&parent=1759"}],"wp:term":[{"taxonomy":"product_brand","embeddable":true,"href":"https:\/\/casadassombrinhas.com\/index.php?rest_route=%2Fwp%2Fv2%2Fproduct_brand&post=1759"},{"taxonomy":"product_cat","embeddable":true,"href":"https:\/\/casadassombrinhas.com\/index.php?rest_route=%2Fwp%2Fv2%2Fproduct_cat&post=1759"},{"taxonomy":"product_tag","embeddable":true,"href":"https:\/\/casadassombrinhas.com\/index.php?rest_route=%2Fwp%2Fv2%2Fproduct_tag&post=1759"}],"curies":[{"name":"wp","href":"https:\/\/api.w.org\/{rel}","templated":true}]}}