{"id":1490,"date":"2022-01-27T01:06:06","date_gmt":"2022-01-27T01:06:06","guid":{"rendered":"https:\/\/casadassombrinhas.com\/?post_type=product&#038;p=1490"},"modified":"2025-12-08T15:22:33","modified_gmt":"2025-12-08T15:22:33","slug":"guarda-chuva-invertido-rosa","status":"publish","type":"product","link":"https:\/\/casadassombrinhas.com\/?product=guarda-chuva-invertido-rosa","title":{"rendered":"GUARDA CHUVA INVERTIDO ROSA"},"content":{"rendered":"<p><strong>\u2022 Pol\u00edtica de Entrega<\/strong><br \/>\nEstamos realizando entrega somente para a regi\u00e3o de Curitiba. Caso voc\u00ea tenha interesse que o produto seja entregue em outra regi\u00e3o, favor entrar em contato no <strong>41-3079-5162<\/strong>, WhatsApp: <strong>41 99162-1488<\/strong> ou <strong>casadassombrinhas1950@gmail.com<\/strong><\/p>\n<p><strong>\u2022 Cuidados para durabilidade do produto<\/strong><br \/>\nN\u00e3o guarde-o molhado.<br \/>\nDeixe-o aberto para secar.<br \/>\nCasa das Sombrinhas h\u00e1 70 anos satisfazendo seus clientes.<\/p>\n","protected":false},"excerpt":{"rendered":"<p>O\u00a0<strong>Guarda-chuva <\/strong>Voyagem\u00a0traz toda a\u00a0<strong>praticidade e simplicidade<\/strong>\u00a0que voc\u00ea busca nos dias de chuva.Sistema de abertura Inversa, arma\u00e7\u00e3o e varetas de fibra, var\u00e3o de ferro sextavado, cabo oval de pl\u00e1stico preto, tecido duplo pongee. Perfeito para n\u00e3o se molhar na chuva.<\/p>\n<p>Tamanho: 85 cm<br \/>\nArma\u00e7\u00e3o 8 Varetas<\/p>\n","protected":false},"featured_media":1491,"comment_status":"open","ping_status":"closed","template":"","meta":{"_kadence_starter_templates_imported_post":false,"_kad_post_transparent":"default","_kad_post_title":"","_kad_post_layout":"default","_kad_post_sidebar_id":"","_kad_post_content_style":"default","_kad_post_vertical_padding":"default","_kad_post_feature":"","_kad_post_feature_position":"","_kad_post_header":false,"_kad_post_footer":false,"_kad_post_classname":""},"product_brand":[],"product_cat":[16],"product_tag":[29],"class_list":{"0":"post-1490","1":"product","2":"type-product","3":"status-publish","4":"has-post-thumbnail","6":"product_cat-guarda-chuvas","7":"product_tag-guarda-chuvas","9":"first","10":"outofstock","11":"featured","12":"shipping-taxable","13":"purchasable","14":"product-type-simple","15":"entry","16":"content-bg","17":"loop-entry"},"aioseo_notices":[],"jetpack_sharing_enabled":true,"_links":{"self":[{"href":"https:\/\/casadassombrinhas.com\/index.php?rest_route=\/wp\/v2\/product\/1490","targetHints":{"allow":["GET"]}}],"collection":[{"href":"https:\/\/casadassombrinhas.com\/index.php?rest_route=\/wp\/v2\/product"}],"about":[{"href":"https:\/\/casadassombrinhas.com\/index.php?rest_route=\/wp\/v2\/types\/product"}],"replies":[{"embeddable":true,"href":"https:\/\/casadassombrinhas.com\/index.php?rest_route=%2Fwp%2Fv2%2Fcomments&post=1490"}],"wp:featuredmedia":[{"embeddable":true,"href":"https:\/\/casadassombrinhas.com\/index.php?rest_route=\/wp\/v2\/media\/1491"}],"wp:attachment":[{"href":"https:\/\/casadassombrinhas.com\/index.php?rest_route=%2Fwp%2Fv2%2Fmedia&parent=1490"}],"wp:term":[{"taxonomy":"product_brand","embeddable":true,"href":"https:\/\/casadassombrinhas.com\/index.php?rest_route=%2Fwp%2Fv2%2Fproduct_brand&post=1490"},{"taxonomy":"product_cat","embeddable":true,"href":"https:\/\/casadassombrinhas.com\/index.php?rest_route=%2Fwp%2Fv2%2Fproduct_cat&post=1490"},{"taxonomy":"product_tag","embeddable":true,"href":"https:\/\/casadassombrinhas.com\/index.php?rest_route=%2Fwp%2Fv2%2Fproduct_tag&post=1490"}],"curies":[{"name":"wp","href":"https:\/\/api.w.org\/{rel}","templated":true}]}}