{"id":1415,"date":"2022-01-27T00:03:22","date_gmt":"2022-01-27T00:03:22","guid":{"rendered":"https:\/\/casadassombrinhas.com\/?post_type=product&#038;p=1415"},"modified":"2024-11-26T11:55:14","modified_gmt":"2024-11-26T11:55:14","slug":"sombrinha-mini-bolinhas","status":"publish","type":"product","link":"https:\/\/casadassombrinhas.com\/?product=sombrinha-mini-bolinhas","title":{"rendered":"SOMBRINHA MINI BOLINHAS"},"content":{"rendered":"<div style=\"width: 500px;\" class=\"wp-video\"><video class=\"wp-video-shortcode\" id=\"video-1415-1\" width=\"500\" height=\"400\" preload=\"metadata\" controls=\"controls\"><source type=\"video\/mp4\" src=\"http:\/\/casadassombrinhas.com\/wp-content\/uploads\/2022\/01\/SOMBRINHA-MINI-BOLINHAS-4.mp4?_=1\" \/><a href=\"http:\/\/casadassombrinhas.com\/wp-content\/uploads\/2022\/01\/SOMBRINHA-MINI-BOLINHAS-4.mp4\">http:\/\/casadassombrinhas.com\/wp-content\/uploads\/2022\/01\/SOMBRINHA-MINI-BOLINHAS-4.mp4<\/a><\/video><\/div>\n<p><strong><br \/>\n\u2022 Pol\u00edtica de Entrega<\/strong><br \/>\nEstamos realizando entrega somente para a regi\u00e3o de Curitiba. Caso voc\u00ea tenha interesse que o produto seja entregue em outra regi\u00e3o, favor entrar em contato no <strong>41-3079-5162<\/strong>, WhatsApp: <strong>41 99162-1488<\/strong> ou <strong>casadassombrinhas1950@gmail.com<\/strong><\/p>\n<p><strong>\u2022 Cuidados para durabilidade do produto<\/strong><br \/>\nN\u00e3o guarde-o molhado.<br \/>\nDeixe-o aberto para secar.<br \/>\nCasa das Sombrinhas h\u00e1 70 anos satisfazendo seus clientes.<\/p>\n","protected":false},"excerpt":{"rendered":"<p>O\u00a0<strong>Guarda-chuva\u00a0<\/strong>Voyagem\u00a0traz toda a\u00a0<strong>praticidade e simplicidade<\/strong>\u00a0que voc\u00ea busca nos dias de chuva.\u00a0Arma\u00e7\u00e3o alum\u00ednio, vareta fibra de carbono, var\u00e3o cromado, cabo pl\u00e1stico na cor do tecido e tecido Pongee em po\u00e1.<\/p>\n<p>Tamanho: 27\u00a0cm<br \/>\nArma\u00e7\u00e3o 8 Varetas<\/p>\n","protected":false},"featured_media":1442,"comment_status":"open","ping_status":"closed","template":"","meta":{"_kadence_starter_templates_imported_post":false,"_kad_post_transparent":"default","_kad_post_title":"","_kad_post_layout":"default","_kad_post_sidebar_id":"","_kad_post_content_style":"default","_kad_post_vertical_padding":"default","_kad_post_feature":"","_kad_post_feature_position":"","_kad_post_header":false,"_kad_post_footer":false,"_kad_post_classname":""},"product_brand":[],"product_cat":[18],"product_tag":[30],"class_list":{"0":"post-1415","1":"product","2":"type-product","3":"status-publish","4":"has-post-thumbnail","6":"product_cat-sombrinhas","7":"product_tag-sombrinhas","9":"first","10":"instock","11":"shipping-taxable","12":"purchasable","13":"product-type-simple","14":"entry","15":"content-bg","16":"loop-entry"},"aioseo_notices":[],"jetpack_sharing_enabled":true,"_links":{"self":[{"href":"https:\/\/casadassombrinhas.com\/index.php?rest_route=\/wp\/v2\/product\/1415","targetHints":{"allow":["GET"]}}],"collection":[{"href":"https:\/\/casadassombrinhas.com\/index.php?rest_route=\/wp\/v2\/product"}],"about":[{"href":"https:\/\/casadassombrinhas.com\/index.php?rest_route=\/wp\/v2\/types\/product"}],"replies":[{"embeddable":true,"href":"https:\/\/casadassombrinhas.com\/index.php?rest_route=%2Fwp%2Fv2%2Fcomments&post=1415"}],"wp:featuredmedia":[{"embeddable":true,"href":"https:\/\/casadassombrinhas.com\/index.php?rest_route=\/wp\/v2\/media\/1442"}],"wp:attachment":[{"href":"https:\/\/casadassombrinhas.com\/index.php?rest_route=%2Fwp%2Fv2%2Fmedia&parent=1415"}],"wp:term":[{"taxonomy":"product_brand","embeddable":true,"href":"https:\/\/casadassombrinhas.com\/index.php?rest_route=%2Fwp%2Fv2%2Fproduct_brand&post=1415"},{"taxonomy":"product_cat","embeddable":true,"href":"https:\/\/casadassombrinhas.com\/index.php?rest_route=%2Fwp%2Fv2%2Fproduct_cat&post=1415"},{"taxonomy":"product_tag","embeddable":true,"href":"https:\/\/casadassombrinhas.com\/index.php?rest_route=%2Fwp%2Fv2%2Fproduct_tag&post=1415"}],"curies":[{"name":"wp","href":"https:\/\/api.w.org\/{rel}","templated":true}]}}