{"id":1328,"date":"2022-01-26T21:06:25","date_gmt":"2022-01-26T21:06:25","guid":{"rendered":"https:\/\/casadassombrinhas.com\/?post_type=product&#038;p=1328"},"modified":"2022-08-12T20:52:58","modified_gmt":"2022-08-12T20:52:58","slug":"guarda-chuva-invertido-portaria-dobravel-automatico-abre-e-fecha","status":"publish","type":"product","link":"https:\/\/casadassombrinhas.com\/?product=guarda-chuva-invertido-portaria-dobravel-automatico-abre-e-fecha","title":{"rendered":"GUARDA-CHUVA PORTARIA DOBR\u00c1VEL AUTOM\u00c1TICO ABRE E FECHA"},"content":{"rendered":"","protected":false},"excerpt":{"rendered":"<p>O\u00a0<strong>Guarda-chuva\u00a0<\/strong>Voyagem\u00a0traz toda a\u00a0<strong>praticidade e simplicidade<\/strong>\u00a0que voc\u00ea busca nos dias de chuva.\u00a0Arma\u00e7\u00e3o Fibra, vareta fibras de carbono, var\u00e3o Galvanizado, Sextavado, cabo<\/p>\n<p>Bot\u00e3o acionador abre-fecha, tecido\u00a0Pongee.<br \/>\nDimens\u00f5es aberto 1,20 m (Di\u00e2metro) e 1,34 m (Envergadura)<br \/>\nDimens\u00f5es fechado 36,0 cm x 5,0 cm (AxL)<\/p>\n","protected":false},"featured_media":1329,"comment_status":"open","ping_status":"closed","template":"","meta":{"_kadence_starter_templates_imported_post":false,"_kad_post_transparent":"default","_kad_post_title":"","_kad_post_layout":"default","_kad_post_sidebar_id":"","_kad_post_content_style":"default","_kad_post_vertical_padding":"default","_kad_post_feature":"","_kad_post_feature_position":"","_kad_post_header":false,"_kad_post_footer":false,"_kad_post_classname":""},"product_brand":[],"product_cat":[16],"product_tag":[29],"class_list":{"0":"post-1328","1":"product","2":"type-product","3":"status-publish","4":"has-post-thumbnail","6":"product_cat-guarda-chuvas","7":"product_tag-guarda-chuvas","9":"first","10":"outofstock","11":"shipping-taxable","12":"purchasable","13":"product-type-simple","14":"entry","15":"content-bg","16":"loop-entry"},"aioseo_notices":[],"jetpack_sharing_enabled":true,"_links":{"self":[{"href":"https:\/\/casadassombrinhas.com\/index.php?rest_route=\/wp\/v2\/product\/1328","targetHints":{"allow":["GET"]}}],"collection":[{"href":"https:\/\/casadassombrinhas.com\/index.php?rest_route=\/wp\/v2\/product"}],"about":[{"href":"https:\/\/casadassombrinhas.com\/index.php?rest_route=\/wp\/v2\/types\/product"}],"replies":[{"embeddable":true,"href":"https:\/\/casadassombrinhas.com\/index.php?rest_route=%2Fwp%2Fv2%2Fcomments&post=1328"}],"wp:featuredmedia":[{"embeddable":true,"href":"https:\/\/casadassombrinhas.com\/index.php?rest_route=\/wp\/v2\/media\/1329"}],"wp:attachment":[{"href":"https:\/\/casadassombrinhas.com\/index.php?rest_route=%2Fwp%2Fv2%2Fmedia&parent=1328"}],"wp:term":[{"taxonomy":"product_brand","embeddable":true,"href":"https:\/\/casadassombrinhas.com\/index.php?rest_route=%2Fwp%2Fv2%2Fproduct_brand&post=1328"},{"taxonomy":"product_cat","embeddable":true,"href":"https:\/\/casadassombrinhas.com\/index.php?rest_route=%2Fwp%2Fv2%2Fproduct_cat&post=1328"},{"taxonomy":"product_tag","embeddable":true,"href":"https:\/\/casadassombrinhas.com\/index.php?rest_route=%2Fwp%2Fv2%2Fproduct_tag&post=1328"}],"curies":[{"name":"wp","href":"https:\/\/api.w.org\/{rel}","templated":true}]}}