{"id":9,"date":"2022-01-21T13:18:28","date_gmt":"2022-01-21T13:18:28","guid":{"rendered":"http:\/\/casadassombrinhas.com\/?page_id=9"},"modified":"2022-01-28T17:11:06","modified_gmt":"2022-01-28T17:11:06","slug":"refund_returns","status":"publish","type":"page","link":"https:\/\/casadassombrinhas.com\/?page_id=9","title":{"rendered":"Pol\u00edtica de Entrega"},"content":{"rendered":"\n<p><\/p>\n\n\n\n<p>O prazo de entrega dos seus pedidos varia de acordo com o endere\u00e7o informado para entrega. O prazo s\u00f3 come\u00e7a a ser contado a partir do momento em que o pagamento do pedido \u00e9 aprovado e \u00e9 verificada a disponibilidade do produto.<\/p>\n\n\n\n<p>Antes do fechamento do pedido \u00e9 poss\u00edvel saber o prazo de entrega acessando o seu \u201ccarrinho\u201d e informando o n\u00famero do seu CEP no campo \u201cCalcule o frete\u201d. Ap\u00f3s fazer isso \u00e9 s\u00f3 clicar no bot\u00e3o \u201cCalcular\u201d e ser\u00e1 exibido o tempo estimado de entrega para o CEP informado \u2013 tamb\u00e9m ir\u00e1 constar o valor do frete a ser cobrado. Em geral o frete ocorre entre 5 e 10 dias \u00fateis. Sempre recomendamos que verifiquem o status do seu pedido. Caso o produto n\u00e3o seja entregue, haver\u00e1 duas tentativas subsequentes.<\/p>\n\n\n\n<p>\u200b<\/p>\n\n\n\n<p>Detalhe: Nesse primeiro momento estamos fazendo entrega apenas em Curitiba e regi\u00e3o. Para mais detalhes sobre a entrega, entre em contato conosco. Whatsapp (41) 99162-1488<\/p>\n\n\n\n<p><\/p>\n\n\n\n<p><\/p>\n","protected":false},"excerpt":{"rendered":"<p>O prazo de entrega dos seus pedidos varia de acordo com o endere\u00e7o informado para entrega. O prazo s\u00f3 come\u00e7a a ser contado a partir do momento em que o pagamento do pedido \u00e9 aprovado e \u00e9 verificada a disponibilidade do produto. Antes do fechamento do pedido \u00e9 poss\u00edvel saber o prazo de entrega acessando&#8230;<\/p>\n","protected":false},"author":1,"featured_media":0,"parent":0,"menu_order":0,"comment_status":"closed","ping_status":"closed","template":"","meta":{"_kadence_starter_templates_imported_post":false,"_kad_post_transparent":"","_kad_post_title":"","_kad_post_layout":"","_kad_post_sidebar_id":"","_kad_post_content_style":"","_kad_post_vertical_padding":"","_kad_post_feature":"","_kad_post_feature_position":"","_kad_post_header":false,"_kad_post_footer":false,"_kad_post_classname":"","footnotes":""},"class_list":["post-9","page","type-page","status-publish","hentry"],"aioseo_notices":[],"jetpack_sharing_enabled":true,"_links":{"self":[{"href":"https:\/\/casadassombrinhas.com\/index.php?rest_route=\/wp\/v2\/pages\/9","targetHints":{"allow":["GET"]}}],"collection":[{"href":"https:\/\/casadassombrinhas.com\/index.php?rest_route=\/wp\/v2\/pages"}],"about":[{"href":"https:\/\/casadassombrinhas.com\/index.php?rest_route=\/wp\/v2\/types\/page"}],"author":[{"embeddable":true,"href":"https:\/\/casadassombrinhas.com\/index.php?rest_route=\/wp\/v2\/users\/1"}],"replies":[{"embeddable":true,"href":"https:\/\/casadassombrinhas.com\/index.php?rest_route=%2Fwp%2Fv2%2Fcomments&post=9"}],"version-history":[{"count":1,"href":"https:\/\/casadassombrinhas.com\/index.php?rest_route=\/wp\/v2\/pages\/9\/revisions"}],"predecessor-version":[{"id":1583,"href":"https:\/\/casadassombrinhas.com\/index.php?rest_route=\/wp\/v2\/pages\/9\/revisions\/1583"}],"wp:attachment":[{"href":"https:\/\/casadassombrinhas.com\/index.php?rest_route=%2Fwp%2Fv2%2Fmedia&parent=9"}],"curies":[{"name":"wp","href":"https:\/\/api.w.org\/{rel}","templated":true}]}}