{"id":3,"date":"2022-01-21T13:16:26","date_gmt":"2022-01-21T13:16:26","guid":{"rendered":"http:\/\/casadassombrinhas.com\/?page_id=3"},"modified":"2022-01-28T17:11:11","modified_gmt":"2022-01-28T17:11:11","slug":"privacy-policy","status":"publish","type":"page","link":"https:\/\/casadassombrinhas.com\/?page_id=3","title":{"rendered":"Pol\u00edtica de Uso"},"content":{"rendered":"\n<h2 class=\"wp-block-heading\"><\/h2>\n\n\n\n<ol class=\"wp-block-list\"><li>Apresenta\u00e7\u00e3o e defini\u00e7\u00f5es<\/li><\/ol>\n\n\n\n<p>Este site \u00e9 de propriedade, mantido, e operado por Casa das Sombrinhas, com endere\u00e7o na Rua Volunt\u00e1rios da P\u00e1tria,99 &#8211; Curitiba -PR, inscrita no CNPJ sob o n. 76.042.332\/0001-80 com Inscri\u00e7\u00e3o Estadual n\u00ba 10132810-48 e endere\u00e7o de e-mail casadassombrinhas1950@gmail.com. Este documento relaciona os termos e condi\u00e7\u00f5es que devem ser observados pela Casa das Sombrinhas e pelos Usu\u00e1rios (conforme defini\u00e7\u00e3o abaixo) na utiliza\u00e7\u00e3o do Site, de suas ferramentas e de suas funcionalidades. A Casa das Sombrinhas faculta acesso e utiliza\u00e7\u00e3o do Site a quaisquer Usu\u00e1rios. O Usu\u00e1rio declara ter lido e aceito estes Termos e Condi\u00e7\u00f5es de Uso e das Pol\u00edticas antes de ter iniciado a utiliza\u00e7\u00e3o do Site. Caso o Usu\u00e1rio n\u00e3o aceite estes Termos e Condi\u00e7\u00f5es de Uso, n\u00e3o lhe ser\u00e1 permitido acesso a \u00e1reas restritas do Site. Para os fins destes Termos e Condi\u00e7\u00f5es de Uso, bem como das Pol\u00edticas,<\/p>\n\n\n\n<p>\u200b<\/p>\n\n\n\n<ol class=\"wp-block-list\" start=\"2\"><li>Cadastro de Clientes<\/li><\/ol>\n\n\n\n<p>Para obter acesso ao conte\u00fado completo e a todas as ferramentas e funcionalidades do Site, incluindo a possibilidade de efetuar Compras, o Usu\u00e1rio dever\u00e1 criar uma Conta com dados pessoais, os quais ser\u00e3o armazenados e utilizados para identifica\u00e7\u00e3o das Compras, a serem usados nos termos da Pol\u00edtica de Privacidade e Seguran\u00e7a, ressaltando-se que a cria\u00e7\u00e3o de cada Conta pressup\u00f5e o consentimento expresso sobre coleta, uso, armazenamento e tratamento de dados pessoais pela Casa das Sombrinhas, inclusive processamento de pagamentos, entregas, devolu\u00e7\u00f5es etc. Ao completar a sua Conta de Acesso, o Cliente declara que as informa\u00e7\u00f5es fornecidas s\u00e3o completas, verdadeiras, atuais e precisas, sendo de total responsabilidade do Cliente a atualiza\u00e7\u00e3o dos dados de sua Conta de Acesso sempre que houver modifica\u00e7\u00e3o de nome, endere\u00e7o ou qualquer outra informa\u00e7\u00e3o relevante. A Casa das Sombrinhas poder\u00e1 recusar, suspender ou cancelar a Conta de Acesso de um Cliente sempre que suspeitar que as informa\u00e7\u00f5es fornecidas s\u00e3o falsas, incompletas, desatualizadas ou imprecisas ou ainda nos casos indicados nas leis e regulamentos aplic\u00e1veis, nestes Termos e Condi\u00e7\u00f5es ou em qualquer Pol\u00edtica do Site, mesmo que previamente aceito. O Cliente, no momento da cria\u00e7\u00e3o de sua Conta de Acesso, determinar\u00e1 seu nome de usu\u00e1rio e sua senha de acesso. Menores (idade inferior a 18 anos) n\u00e3o poder\u00e3o utilizar o Site, a menos que sejam representados e\/ou assistidos por seus pais ou respons\u00e1veis legais e por estes autorizados no momento da cria\u00e7\u00e3o da Conta. A efetiva\u00e7\u00e3o de uma Conta em nome de um menor pressup\u00f5e a representa\u00e7\u00e3o deste menor por uma pessoa maior de 18 anos, que ser\u00e1 reputada respons\u00e1vel civil e criminalmente por qualquer Compra realizada, viola\u00e7\u00e3o cometida ou declara\u00e7\u00e3o falsa, incompleta, desatualizada ou imprecisa prestada pelo menor de 18 anos.<\/p>\n\n\n\n<p>\u200b<\/p>\n\n\n\n<ol class=\"wp-block-list\" start=\"3\"><li>Responsabilidades<\/li><\/ol>\n\n\n\n<p>\u200b<\/p>\n\n\n\n<p>A Casa das Sombrinhas engaja seus melhores esfor\u00e7os para informar, atender e proteger o Usu\u00e1rio. O Usu\u00e1rio \u00e9 o \u00fanico respons\u00e1vel pela utiliza\u00e7\u00e3o do Site, de suas ferramentas e funcionalidades. A utiliza\u00e7\u00e3o dos dados do usu\u00e1rio s\u00e3o \u00fanica e exclusivamente com o objetivo de identifica\u00e7\u00e3o no ato da compra e no ato da entrega. Esses dados ser\u00e3o utilizados apenas com as finalidades ditas anteriormente. Por fim, os dados do usu\u00e1rio ficar\u00e1 em nossa base de dados por at\u00e9 5 anos, se a pessoa em quest\u00e3o solicitar a remo\u00e7\u00e3o de suas informa\u00e7\u00f5es do nosso banco de dados, basta solicitar um pedido em nosso email: <strong>casadassombrinhas1950@gmail.com.<\/strong><\/p>\n","protected":false},"excerpt":{"rendered":"<p>Apresenta\u00e7\u00e3o e defini\u00e7\u00f5es Este site \u00e9 de propriedade, mantido, e operado por Casa das Sombrinhas, com endere\u00e7o na Rua Volunt\u00e1rios da P\u00e1tria,99 &#8211; Curitiba -PR, inscrita no CNPJ sob o n. 76.042.332\/0001-80 com Inscri\u00e7\u00e3o Estadual n\u00ba 10132810-48 e endere\u00e7o de e-mail casadassombrinhas1950@gmail.com. Este documento relaciona os termos e condi\u00e7\u00f5es que devem ser observados pela Casa&#8230;<\/p>\n","protected":false},"author":1,"featured_media":0,"parent":0,"menu_order":0,"comment_status":"closed","ping_status":"closed","template":"","meta":{"_kadence_starter_templates_imported_post":false,"_kad_post_transparent":"","_kad_post_title":"","_kad_post_layout":"","_kad_post_sidebar_id":"","_kad_post_content_style":"","_kad_post_vertical_padding":"","_kad_post_feature":"","_kad_post_feature_position":"","_kad_post_header":false,"_kad_post_footer":false,"_kad_post_classname":"","footnotes":""},"class_list":["post-3","page","type-page","status-publish","hentry"],"aioseo_notices":[],"jetpack_sharing_enabled":true,"_links":{"self":[{"href":"https:\/\/casadassombrinhas.com\/index.php?rest_route=\/wp\/v2\/pages\/3","targetHints":{"allow":["GET"]}}],"collection":[{"href":"https:\/\/casadassombrinhas.com\/index.php?rest_route=\/wp\/v2\/pages"}],"about":[{"href":"https:\/\/casadassombrinhas.com\/index.php?rest_route=\/wp\/v2\/types\/page"}],"author":[{"embeddable":true,"href":"https:\/\/casadassombrinhas.com\/index.php?rest_route=\/wp\/v2\/users\/1"}],"replies":[{"embeddable":true,"href":"https:\/\/casadassombrinhas.com\/index.php?rest_route=%2Fwp%2Fv2%2Fcomments&post=3"}],"version-history":[{"count":2,"href":"https:\/\/casadassombrinhas.com\/index.php?rest_route=\/wp\/v2\/pages\/3\/revisions"}],"predecessor-version":[{"id":1563,"href":"https:\/\/casadassombrinhas.com\/index.php?rest_route=\/wp\/v2\/pages\/3\/revisions\/1563"}],"wp:attachment":[{"href":"https:\/\/casadassombrinhas.com\/index.php?rest_route=%2Fwp%2Fv2%2Fmedia&parent=3"}],"curies":[{"name":"wp","href":"https:\/\/api.w.org\/{rel}","templated":true}]}}