{"id":1584,"date":"2022-01-28T17:12:32","date_gmt":"2022-01-28T17:12:32","guid":{"rendered":"https:\/\/casadassombrinhas.com\/?page_id=1584"},"modified":"2022-01-28T17:12:36","modified_gmt":"2022-01-28T17:12:36","slug":"politica-de-troca-e-devolucao","status":"publish","type":"page","link":"https:\/\/casadassombrinhas.com\/?page_id=1584","title":{"rendered":"Pol\u00edtica de Troca e Devolu\u00e7\u00e3o"},"content":{"rendered":"\n<p><\/p>\n\n\n\n<p>A Pol\u00edtica de Troca e Devolu\u00e7\u00e3o de Produtos abaixo constitui parte integrante dos Termos e Condi\u00e7\u00f5es de Uso.<\/p>\n\n\n\n<ol class=\"wp-block-list\"><li>Identifica\u00e7\u00e3o<\/li><\/ol>\n\n\n\n<p>Este site \u00e9 de propriedade, mantido, e operado por Casa das Sombrinhas, com endere\u00e7o na Rua Volunt\u00e1rios da P\u00e1tria, 99 inscrita no CNPJ sob o n\u00famero 76.042.332\/0001-80, com Inscri\u00e7\u00e3o Estadual n\u00ba 10132810-48<\/p>\n\n\n\n<ol class=\"wp-block-list\" start=\"2\"><li>Contato<\/li><\/ol>\n\n\n\n<p>\u200b<\/p>\n\n\n\n<p>Caso o Usu\u00e1rio necessite de qualquer informa\u00e7\u00e3o, esclarecimento ou atendimento com rela\u00e7\u00e3o a esta Pol\u00edtica de Troca e Devolu\u00e7\u00e3o de Produtos, basta entrar em contato pelo e-mail: casadassombrinhas1950@gmail.com ou pelo telefone (41) 3079-5162 de segunda a sexta-feira das 9:00 \u00e0s 18:00. Em todos os casos, o Usu\u00e1rio receber\u00e1, pelo mesmo canal de comunica\u00e7\u00e3o, uma confirma\u00e7\u00e3o imediata do recebimento da sua demanda, que ser\u00e1 tratada e respondida em um prazo m\u00e1ximo de 5 (cinco) dias.<\/p>\n\n\n\n<ol class=\"wp-block-list\" start=\"3\"><li>Modalidade<\/li><\/ol>\n\n\n\n<p>\u200b<\/p>\n\n\n\n<p>Voc\u00ea poder\u00e1 realizar a troca de produtos adquiridos at\u00e9 7 dias ap\u00f3s receb\u00ea-los ou devolver os itens at\u00e9 5 dias ap\u00f3s a entrega, desde que o produto esteja etiquetado, com todos os acess\u00f3rios e n\u00e3o tenha sido utilizado. Contate-nos atr\u00e1ves de nossos canais de atendimento para que possamos organizar a troca de devolu\u00e7\u00e3o<\/p>\n\n\n\n<p>Reembolso:<\/p>\n\n\n\n<p>Em at\u00e9 30 dias ser\u00e1 encaminhado o pedido de reembolso (decorrente de devolu\u00e7\u00e3o) no cart\u00e3o de cr\u00e9dito ou na conta corrente com a mesma titularidade. A disponibiliza\u00e7\u00e3o do valor ocorrer\u00e1 de acordo com as regras da administradora do cart\u00e3o ou do banco do cliente.<\/p>\n","protected":false},"excerpt":{"rendered":"<p>A Pol\u00edtica de Troca e Devolu\u00e7\u00e3o de Produtos abaixo constitui parte integrante dos Termos e Condi\u00e7\u00f5es de Uso. Identifica\u00e7\u00e3o Este site \u00e9 de propriedade, mantido, e operado por Casa das Sombrinhas, com endere\u00e7o na Rua Volunt\u00e1rios da P\u00e1tria, 99 inscrita no CNPJ sob o n\u00famero 76.042.332\/0001-80, com Inscri\u00e7\u00e3o Estadual n\u00ba 10132810-48 Contato \u200b Caso o&#8230;<\/p>\n","protected":false},"author":2,"featured_media":0,"parent":0,"menu_order":0,"comment_status":"closed","ping_status":"closed","template":"","meta":{"_kadence_starter_templates_imported_post":false,"_kad_post_transparent":"","_kad_post_title":"","_kad_post_layout":"","_kad_post_sidebar_id":"","_kad_post_content_style":"","_kad_post_vertical_padding":"","_kad_post_feature":"","_kad_post_feature_position":"","_kad_post_header":false,"_kad_post_footer":false,"_kad_post_classname":"","footnotes":""},"class_list":["post-1584","page","type-page","status-publish","hentry"],"aioseo_notices":[],"jetpack_sharing_enabled":true,"_links":{"self":[{"href":"https:\/\/casadassombrinhas.com\/index.php?rest_route=\/wp\/v2\/pages\/1584","targetHints":{"allow":["GET"]}}],"collection":[{"href":"https:\/\/casadassombrinhas.com\/index.php?rest_route=\/wp\/v2\/pages"}],"about":[{"href":"https:\/\/casadassombrinhas.com\/index.php?rest_route=\/wp\/v2\/types\/page"}],"author":[{"embeddable":true,"href":"https:\/\/casadassombrinhas.com\/index.php?rest_route=\/wp\/v2\/users\/2"}],"replies":[{"embeddable":true,"href":"https:\/\/casadassombrinhas.com\/index.php?rest_route=%2Fwp%2Fv2%2Fcomments&post=1584"}],"version-history":[{"count":2,"href":"https:\/\/casadassombrinhas.com\/index.php?rest_route=\/wp\/v2\/pages\/1584\/revisions"}],"predecessor-version":[{"id":1586,"href":"https:\/\/casadassombrinhas.com\/index.php?rest_route=\/wp\/v2\/pages\/1584\/revisions\/1586"}],"wp:attachment":[{"href":"https:\/\/casadassombrinhas.com\/index.php?rest_route=%2Fwp%2Fv2%2Fmedia&parent=1584"}],"curies":[{"name":"wp","href":"https:\/\/api.w.org\/{rel}","templated":true}]}}